{"id":325,"date":"2020-07-31T15:55:40","date_gmt":"2020-07-31T15:55:40","guid":{"rendered":"http:\/\/www.gicarus.lecco.polimi.it\/?page_id=325"},"modified":"2020-07-31T16:03:13","modified_gmt":"2020-07-31T16:03:13","slug":"2019-2","status":"publish","type":"page","link":"https:\/\/www.gicarus.lecco.polimi.it\/?page_id=325","title":{"rendered":"2019"},"content":{"rendered":"\t\t<div data-elementor-type=\"wp-page\" data-elementor-id=\"325\" class=\"elementor elementor-325\">\n\t\t\t\t\t\t<section class=\"elementor-section elementor-top-section elementor-element elementor-element-b6830a7 elementor-section-boxed elementor-section-height-default elementor-section-height-default\" data-id=\"b6830a7\" data-element_type=\"section\" data-e-type=\"section\">\n\t\t\t\t\t\t<div class=\"elementor-container elementor-column-gap-default\">\n\t\t\t\t\t<div class=\"elementor-column elementor-col-100 elementor-top-column elementor-element elementor-element-47abdab\" data-id=\"47abdab\" data-element_type=\"column\" data-e-type=\"column\">\n\t\t\t<div class=\"elementor-widget-wrap elementor-element-populated\">\n\t\t\t\t\t\t<div class=\"elementor-element elementor-element-3cb83d9 elementor-widget elementor-widget-heading\" data-id=\"3cb83d9\" data-element_type=\"widget\" data-e-type=\"widget\" data-widget_type=\"heading.default\">\n\t\t\t\t<div class=\"elementor-widget-container\">\n\t\t\t\t\t<h2 class=\"elementor-heading-title elementor-size-default\">Pubblicazioni - Publications 2019<\/h2>\t\t\t\t<\/div>\n\t\t\t\t<\/div>\n\t\t\t\t\t<\/div>\n\t\t<\/div>\n\t\t\t\t\t<\/div>\n\t\t<\/section>\n\t\t\t\t<section class=\"elementor-section elementor-top-section elementor-element elementor-element-3410d89 elementor-section-boxed elementor-section-height-default elementor-section-height-default\" data-id=\"3410d89\" data-element_type=\"section\" data-e-type=\"section\">\n\t\t\t\t\t\t<div class=\"elementor-container elementor-column-gap-default\">\n\t\t\t\t\t<div class=\"elementor-column elementor-col-100 elementor-top-column elementor-element elementor-element-55b93ab\" data-id=\"55b93ab\" data-element_type=\"column\" data-e-type=\"column\">\n\t\t\t<div class=\"elementor-widget-wrap elementor-element-populated\">\n\t\t\t\t\t\t<div class=\"elementor-element elementor-element-e03c150 elementor-widget elementor-widget-text-editor\" data-id=\"e03c150\" data-element_type=\"widget\" data-e-type=\"widget\" data-widget_type=\"text-editor.default\">\n\t\t\t\t<div class=\"elementor-widget-container\">\n\t\t\t\t\t\t\t\t\t<ul><li>Previtali, M., D\u00edaz-Vilari\u00f1o, L., Scaioni, M., &amp; Fr\u00edas, E. (2019). Evaluation of the Expected Data Quality in Laser Scanning Surveying of Archaeological Sites. In 2019 IMEKO TC-4 Int. Conf. on Metrology for Archeology and Cultural Heritage (METROARCHEO2019) (pp. 19-24).<\/li><li>Previtali, M., &amp; Valente, R. (2019). Archaeological documentation and data sharing: digital surveying and open data approach applied to archaeological fieldworks. Virtual Archaeology Review, 10(20), 17-27.<\/li><li>Previtali, M. (2019). A virtual logbook for the documentation of a continuously changing archaeological site: the San Clemente site in Albenga (Italy). Virtual Archaeology Review, 10(21), 56-66.<\/li><li>Banfi, F., Previtali, M., Stanga, C., &amp; Brumana, R. (2019). a Layered-Web Interface Based on Hbim and 360\u00b0 Panoramas for Historical, Material and Geometric Analysis. In 8th International Workshop on 3D Virtual Reconstruction and Visualization of Complex Architectures, 3D-ARCH 2019 (Vol. 42, No. 2, pp. 73-80). Copernicus GmbH.<\/li><li>Barazzetti, L., Previtali, M., Roncoroni, F., &amp; Valente, R. (2019). CONNECTING INSIDE AND OUTSIDE THROUGH 360\u00b0 IMAGERY FOR CLOSE-RANGE PHOTOGRAMMETRY. International Archives of the Photogrammetry, Remote Sensing &amp; Spatial Information Sciences.<\/li><li>Valente, R., Barazzetti, L., Previtali, M., &amp; Roncoroni, F. (2019). CONSIDERATIONS ON THE USE OF DIGITAL TOOLS FOR DOCUMENTING ANCIENT WALL GRAFFITI. International Archives of the Photogrammetry, Remote Sensing &amp; Spatial Information Sciences.<\/li><li>Wujanz, D., Barazzetti, L., Previtali, M., &amp; Scaioni, M. (2019). a Comparative Study among Three Registration Algorithms: Performance, Quality Assurance and Accuracy. In 8th International Workshop on 3D Virtual Reconstruction and Visualization of Complex Architectures, 3D-ARCH 2019 (Vol. 42, No. 2, pp. 779-786). Copernicus GmbH.<\/li><li>Previtali, M., Barazzetti, L., &amp; Roncoroni, F. (2019). Automated Detection and Layout Regularization of Similar Features in Indoor Point Cloud. In 8th International Workshop on 3D Virtual Reconstruction and Visualization of Complex Architectures, 3D-ARCH 2019 (Vol. 42, No. 2, pp. 631-638). Copernicus GmbH.<\/li><li>Barazzetti, L., &amp; Previtali, M. (2019). Vault Modeling with Neural Networks. In 8th International Workshop on 3D Virtual Reconstruction and Visualization of Complex Architectures, 3D-ARCH 2019 (Vol. 42, No. 2, pp. 81-86). Copernicus GmbH.<\/li><li>Limongelli, M. P., Previtali, M., Cantini, L., Carosio, S., Matos, J. C., Isoird, J. M., &#8230; &amp; Pellegrino, C. (2019). Lifecycle management, monitoring and assessment for safe large-scale infrastructures: challenges and needs. In 2nd International Conference of Geomatics and Restoration, GEORES 2019 (Vol. 42, No. 2, pp. 727-734). Copernicus GmbH.<\/li><li>D\u00edaz-Vilari\u00f1o, L., Fr\u00edas, E., Previtali, M., Scaioni, M., &amp; Balado, J. (2019). Scan planning optimization for outdoor archaeological sites. In 2nd International Conference of Geomatics and Restoration, GEORES 2019 (Vol. 42, No. 2, pp. 489-494). Copernicus GmbH.<\/li><li>Brumana, R., Banfi, F., Cantini, L., Previtali, M., &amp; Della Torre, S. (2019). Hbim level of detail-geometry-Accuracy and survey analysis for architectural preservation. In 2nd International Conference of Geomatics and Restoration, GEORES 2019 (Vol. 42, No. 2, pp. 293-299). Copernicus GmbH.<\/li><li>Valente, R., Oreni, D., Barazzetti, L., Roncoroni, F., &amp; Previtali, M. (2019). Documentation of historical architectures through the combined use of digital surveying techniques. In 2nd International Conference of Geomatics and Restoration, GEORES 2019 (Vol. 42, No. 2, pp. 1121-1125). Copernicus GmbH.<\/li><li>Molnar, T., Brumana, R., Conventi, M., &amp; Previtali, M. (2019). Digital documentation and monitoring hub in climate-sensitive territories: The albenga case study (san clemente site). In 2nd International Conference of Geomatics and Restoration, GEORES 2019 (Vol. 42, No. 2, pp. 881-886). Copernicus GmbH.<\/li><li>Cantini, L., Previtali, M., Moioli, R., &amp; Della Torre, S. (2019). The mensiochronology analysis supported by new advanced survey techniques: Field tests in milanese area. In 2nd International Conference of Geomatics and Restoration, GEORES 2019 (Vol. 42, No. 2, pp. 359-365). Copernicus GmbH.<\/li><li>Brumana, R., Condoleo, P., Grimoldi, A., &amp; Previtali, M. (2019). Towards a semantic based hub platform of vaulted systems: HBIM Meets A GeoDB. In 2nd International Conference of Geomatics and Restoration, GEORES 2019 (Vol. 42, No. 2, pp. 301-308). Copernicus GmbH.<\/li><li>Pirotti, F., Zanchetta, C., Previtali, M., &amp; Della Torre, S. (2019). Detection of building roofs and facades from aerial laser scanning data using deep learning. In 2nd International Conference of Geomatics and Restoration, GEORES 2019 (Vol. 42, No. 2, pp. 975-980). Copernicus GmbH.<\/li><li>Previtali, M., Barazzetti, L., Banfi, F., &amp; Roncoroni, F. (2019). Informative content models for infrastructure load testing management: the Azzone Visconti Bridge In Lecco. In 2nd International Conference of Geomatics and Restoration, GEORES 2019 (Vol. 42, No. 2, pp. 995-1001). Copernicus GmbH.<\/li><li>Brumana, R., Ioannides, M., &amp; Previtali, M. (2019). Holistic heritage building information modelling (hhbim): From nodes to hub networking, vocabularies and repositories. In 2nd International Conference of Geomatics and Restoration, GEORES 2019 (Vol. 42, No. 2, pp. 309-316). Copernicus GmbH.<\/li><li>Barazzetti, L., Previtali, M., &amp; Roncoroni, F. (2019). THE USE OF TERRESTRIAL LASER SCANNING TECHNIQUES TO EVALUATE INDUSTRIAL MASONRY CHIMNEY VERTICALITY. International Archives of the Photogrammetry, Remote Sensing &amp; Spatial Information Sciences.<\/li><li>Yang, M., Brumana, R., &amp; Previtali, M. (2019). Heritage &amp; development&#8221; strategy on historic urban landscape (HUL): The added value of multi-Temporal hub application. In 2nd International Conference of Geomatics and Restoration, GEORES 2019 (Vol. 42, No. 2, pp. 1151-1158). Copernicus GmbH.<\/li><li>Stanga, C., Hasn\u00edkov\u00e1, H., Previtali, M., Brumana, R., Grimoldi, A., &amp; Banfi, F. (2019). THE ASSESSMENT OF THE BAROQUE VAULT CONSTRUCTION TECHNIQUE BY SCAN-TO-BIM PROCESS: ST. BERNARD&#8217;S CHAPEL IN THE PLASY MONASTERY. International Archives of the Photogrammetry, Remote Sensing &amp; Spatial Information Sciences.<\/li><\/ul>\t\t\t\t\t\t\t\t<\/div>\n\t\t\t\t<\/div>\n\t\t\t\t\t<\/div>\n\t\t<\/div>\n\t\t\t\t\t<\/div>\n\t\t<\/section>\n\t\t\t\t<\/div>\n\t\t","protected":false},"excerpt":{"rendered":"<p>Pubblicazioni &#8211; Publications 2019 Previtali, M., D\u00edaz-Vilari\u00f1o, L., Scaioni, M., &amp; Fr\u00edas, E. (2019). Evaluation of the Expected Data Quality in Laser Scanning Surveying of Archaeological Sites. In 2019 IMEKO TC-4 Int. Conf. on Metrology for Archeology and Cultural Heritage (METROARCHEO2019) (pp. 19-24). Previtali, M., &amp; Valente, R. (2019). Archaeological documentation and data sharing: digital&hellip;&nbsp;<a href=\"https:\/\/www.gicarus.lecco.polimi.it\/?page_id=325\" rel=\"bookmark\">Read More &raquo;<span class=\"screen-reader-text\">2019<\/span><\/a><\/p>\n","protected":false},"author":2,"featured_media":0,"parent":0,"menu_order":0,"comment_status":"closed","ping_status":"closed","template":"page-templates\/template-pagebuilder-full-width.php","meta":{"neve_meta_sidebar":"full-width","neve_meta_container":"","neve_meta_enable_content_width":"on","neve_meta_content_width":100,"neve_meta_title_alignment":"","neve_meta_author_avatar":"","neve_post_elements_order":"","neve_meta_disable_header":"","neve_meta_disable_footer":"","neve_meta_disable_title":"","footnotes":""},"class_list":["post-325","page","type-page","status-publish","hentry"],"_links":{"self":[{"href":"https:\/\/www.gicarus.lecco.polimi.it\/index.php?rest_route=\/wp\/v2\/pages\/325","targetHints":{"allow":["GET"]}}],"collection":[{"href":"https:\/\/www.gicarus.lecco.polimi.it\/index.php?rest_route=\/wp\/v2\/pages"}],"about":[{"href":"https:\/\/www.gicarus.lecco.polimi.it\/index.php?rest_route=\/wp\/v2\/types\/page"}],"author":[{"embeddable":true,"href":"https:\/\/www.gicarus.lecco.polimi.it\/index.php?rest_route=\/wp\/v2\/users\/2"}],"replies":[{"embeddable":true,"href":"https:\/\/www.gicarus.lecco.polimi.it\/index.php?rest_route=%2Fwp%2Fv2%2Fcomments&post=325"}],"version-history":[{"count":3,"href":"https:\/\/www.gicarus.lecco.polimi.it\/index.php?rest_route=\/wp\/v2\/pages\/325\/revisions"}],"predecessor-version":[{"id":328,"href":"https:\/\/www.gicarus.lecco.polimi.it\/index.php?rest_route=\/wp\/v2\/pages\/325\/revisions\/328"}],"wp:attachment":[{"href":"https:\/\/www.gicarus.lecco.polimi.it\/index.php?rest_route=%2Fwp%2Fv2%2Fmedia&parent=325"}],"curies":[{"name":"wp","href":"https:\/\/api.w.org\/{rel}","templated":true}]}}